{"id":9,"date":"2026-05-15T09:19:01","date_gmt":"2026-05-15T09:19:01","guid":{"rendered":"https:\/\/diepan.site\/?page_id=9"},"modified":"2026-05-15T09:31:15","modified_gmt":"2026-05-15T09:31:15","slug":"gio-hang","status":"publish","type":"page","link":"https:\/\/diepan.site\/?page_id=9","title":{"rendered":"Gi\u1ecf h\u00e0ng"},"content":{"rendered":"\n<div data-block-name=\"woocommerce\/cart\" class=\"wp-block-woocommerce-cart alignwide is-loading\">\n<div data-block-name=\"woocommerce\/filled-cart-block\" class=\"wp-block-woocommerce-filled-cart-block\">\n<div data-block-name=\"woocommerce\/cart-items-block\" class=\"wp-block-woocommerce-cart-items-block\">\n<div data-block-name=\"woocommerce\/cart-line-items-block\" class=\"wp-block-woocommerce-cart-line-items-block\"><\/div>\n\n\n<\/div>\n\n\n\n\n<div data-block-name=\"woocommerce\/cart-totals-block\" class=\"wp-block-woocommerce-cart-totals-block\">\n<div data-block-name=\"woocommerce\/cart-order-summary-block\" class=\"wp-block-woocommerce-cart-order-summary-block\">\n<div data-block-name=\"woocommerce\/cart-order-summary-heading-block\" class=\"wp-block-woocommerce-cart-order-summary-heading-block\"><\/div><div data-block-name=\"woocommerce\/cart-order-summary-coupon-form-block\" class=\"wp-block-woocommerce-cart-order-summary-coupon-form-block\"><\/div><div data-block-name=\"woocommerce\/cart-order-summary-totals-block\" class=\"wp-block-woocommerce-cart-order-summary-totals-block\">\n<div data-block-name=\"woocommerce\/cart-order-summary-subtotal-block\" class=\"wp-block-woocommerce-cart-order-summary-subtotal-block\"><\/div>\n<div data-block-name=\"woocommerce\/cart-order-summary-discount-block\" class=\"wp-block-woocommerce-cart-order-summary-discount-block\"><\/div>\n<div data-block-name=\"woocommerce\/cart-order-summary-fee-block\" class=\"wp-block-woocommerce-cart-order-summary-fee-block\"><\/div>\n<div data-block-name=\"woocommerce\/cart-order-summary-shipping-block\" class=\"wp-block-woocommerce-cart-order-summary-shipping-block\"><\/div>\n<div data-block-name=\"woocommerce\/cart-order-summary-taxes-block\" class=\"wp-block-woocommerce-cart-order-summary-taxes-block\"><\/div><\/div>\n<\/div>\n\n\n\n<div data-block-name=\"woocommerce\/cart-express-payment-block\" class=\"wp-block-woocommerce-cart-express-payment-block\"><\/div>\n\n\n\n<div data-block-name=\"woocommerce\/proceed-to-checkout-block\" class=\"wp-block-woocommerce-proceed-to-checkout-block\"><\/div>\n\n\n\n<div data-block-name=\"woocommerce\/cart-accepted-payment-methods-block\" class=\"wp-block-woocommerce-cart-accepted-payment-methods-block\"><\/div>\n<\/div>\n<\/div>\n\n\n\n<div data-block-name=\"woocommerce\/empty-cart-block\" class=\"wp-block-woocommerce-empty-cart-block\">\n<h2 class=\"wp-block-heading has-text-align-center with-empty-cart-icon wc-block-cart__empty-cart__title\">Gi\u1ecf h\u00e0ng hi\u1ec7n t\u1ea1i ch\u01b0a c\u00f3 s\u1ea3n ph\u1ea9m n\u00e0o!<\/h2>\n\n\n\n<hr class=\"wp-block-separator has-alpha-channel-opacity is-style-dots\"\/>\n\n\n\n<h2 class=\"wp-block-heading has-text-align-center\">M\u1edbi trong c\u1eeda h\u00e0ng<\/h2>\n\n\n<div data-block-name=\"woocommerce\/product-new\" data-columns=\"4\" data-rows=\"1\" class=\"wc-block-grid wp-block-product-new wp-block-woocommerce-product-new wc-block-product-new has-4-columns\"><ul class=\"wc-block-grid__products\"><li class=\"wc-block-grid__product\">\n\t\t\t\t<a href=\"https:\/\/diepan.site\/?product=xa-phong-bac-ha-tuan-phuong\" class=\"wc-block-grid__product-link\">\n\t\t\t\t\t<div class=\"wc-block-grid__product-onsale\">\n\t\t\t<span aria-hidden=\"true\">Khuy\u1ebfn m\u1ea1i<\/span>\n\t\t\t<span class=\"screen-reader-text\">S\u1ea3n ph\u1ea9m \u0111ang gi\u1ea3m gi\u00e1<\/span>\n\t\t<\/div>\n\t\t\t\t\t<div class=\"wc-block-grid__product-image\"><img loading=\"lazy\" decoding=\"async\" width=\"300\" height=\"300\" src=\"https:\/\/diepan.site\/wp-content\/uploads\/2026\/05\/ChatGPT-Image-May-15-2026-07_22_20-PM-300x300.png\" class=\"attachment-woocommerce_thumbnail size-woocommerce_thumbnail\" alt=\"X\u00e0 ph\u00f2ng b\u1ea1c h\u00e0 (Tu\u1ea5n Ph\u01b0\u01a1ng)\" srcset=\"https:\/\/diepan.site\/wp-content\/uploads\/2026\/05\/ChatGPT-Image-May-15-2026-07_22_20-PM-300x300.png 300w, https:\/\/diepan.site\/wp-content\/uploads\/2026\/05\/ChatGPT-Image-May-15-2026-07_22_20-PM-150x150.png 150w, https:\/\/diepan.site\/wp-content\/uploads\/2026\/05\/ChatGPT-Image-May-15-2026-07_22_20-PM-100x100.png 100w\" sizes=\"auto, (max-width: 300px) 100vw, 300px\" \/><\/div>\n\t\t\t\t\t<div class=\"wc-block-grid__product-title\">X\u00e0 ph\u00f2ng b\u1ea1c h\u00e0 (Tu\u1ea5n Ph\u01b0\u01a1ng)<\/div>\n\t\t\t\t<\/a>\n\t\t\t\t<div class=\"wc-block-grid__product-price price\"><del aria-hidden=\"true\"><span class=\"woocommerce-Price-amount amount\">75.000&nbsp;<span class=\"woocommerce-Price-currencySymbol\">&#8363;<\/span><\/span><\/del> <span class=\"screen-reader-text\">Gi\u00e1 g\u1ed1c l\u00e0: 75.000&nbsp;&#8363;.<\/span><ins aria-hidden=\"true\"><span class=\"woocommerce-Price-amount amount\">0&nbsp;<span class=\"woocommerce-Price-currencySymbol\">&#8363;<\/span><\/span><\/ins><span class=\"screen-reader-text\">Gi\u00e1 hi\u1ec7n t\u1ea1i l\u00e0: 0&nbsp;&#8363;.<\/span><\/div>\n\t\t\t\t\n\t\t\t\t<div class=\"wp-block-button wc-block-grid__product-add-to-cart\"><a href=\"\/index.php?rest_route=%2Fwp%2Fv2%2Fpages%2F9&#038;add-to-cart=38\" aria-label=\"Th\u00eam v\u00e0o gi\u1ecf h\u00e0ng: &ldquo;X\u00e0 ph\u00f2ng b\u1ea1c h\u00e0 (Tu\u1ea5n Ph\u01b0\u01a1ng)&rdquo;\" data-quantity=\"1\" data-product_id=\"38\" data-product_sku=\"\" data-price=\"0\" rel=\"nofollow\" class=\"wp-block-button__link  add_to_cart_button ajax_add_to_cart\">Th\u00eam v\u00e0o gi\u1ecf h\u00e0ng<\/a><\/div>\n\t\t\t<\/li><li class=\"wc-block-grid__product\">\n\t\t\t\t<a href=\"https:\/\/diepan.site\/?product=xa-phong-lavender-tuan-phuong\" class=\"wc-block-grid__product-link\">\n\t\t\t\t\t<div class=\"wc-block-grid__product-onsale\">\n\t\t\t<span aria-hidden=\"true\">Khuy\u1ebfn m\u1ea1i<\/span>\n\t\t\t<span class=\"screen-reader-text\">S\u1ea3n ph\u1ea9m \u0111ang gi\u1ea3m gi\u00e1<\/span>\n\t\t<\/div>\n\t\t\t\t\t<div class=\"wc-block-grid__product-image\"><img loading=\"lazy\" decoding=\"async\" width=\"300\" height=\"300\" src=\"https:\/\/diepan.site\/wp-content\/uploads\/2026\/05\/ChatGPT-Image-May-15-2026-07_09_26-PM-300x300.png\" class=\"attachment-woocommerce_thumbnail size-woocommerce_thumbnail\" alt=\"X\u00e0 ph\u00f2ng lavender (Tu\u1ea5n Ph\u01b0\u01a1ng)\" srcset=\"https:\/\/diepan.site\/wp-content\/uploads\/2026\/05\/ChatGPT-Image-May-15-2026-07_09_26-PM-300x300.png 300w, https:\/\/diepan.site\/wp-content\/uploads\/2026\/05\/ChatGPT-Image-May-15-2026-07_09_26-PM-150x150.png 150w, https:\/\/diepan.site\/wp-content\/uploads\/2026\/05\/ChatGPT-Image-May-15-2026-07_09_26-PM-100x100.png 100w\" sizes=\"auto, (max-width: 300px) 100vw, 300px\" \/><\/div>\n\t\t\t\t\t<div class=\"wc-block-grid__product-title\">X\u00e0 ph\u00f2ng lavender (Tu\u1ea5n Ph\u01b0\u01a1ng)<\/div>\n\t\t\t\t<\/a>\n\t\t\t\t<div class=\"wc-block-grid__product-price price\"><del aria-hidden=\"true\"><span class=\"woocommerce-Price-amount amount\">75.000&nbsp;<span class=\"woocommerce-Price-currencySymbol\">&#8363;<\/span><\/span><\/del> <span class=\"screen-reader-text\">Gi\u00e1 g\u1ed1c l\u00e0: 75.000&nbsp;&#8363;.<\/span><ins aria-hidden=\"true\"><span class=\"woocommerce-Price-amount amount\">0&nbsp;<span class=\"woocommerce-Price-currencySymbol\">&#8363;<\/span><\/span><\/ins><span class=\"screen-reader-text\">Gi\u00e1 hi\u1ec7n t\u1ea1i l\u00e0: 0&nbsp;&#8363;.<\/span><\/div>\n\t\t\t\t\n\t\t\t\t<div class=\"wp-block-button wc-block-grid__product-add-to-cart\"><a href=\"\/index.php?rest_route=%2Fwp%2Fv2%2Fpages%2F9&#038;add-to-cart=36\" aria-label=\"Th\u00eam v\u00e0o gi\u1ecf h\u00e0ng: &ldquo;X\u00e0 ph\u00f2ng lavender (Tu\u1ea5n Ph\u01b0\u01a1ng)&rdquo;\" data-quantity=\"1\" data-product_id=\"36\" data-product_sku=\"\" data-price=\"0\" rel=\"nofollow\" class=\"wp-block-button__link  add_to_cart_button ajax_add_to_cart\">Th\u00eam v\u00e0o gi\u1ecf h\u00e0ng<\/a><\/div>\n\t\t\t<\/li><li class=\"wc-block-grid__product\">\n\t\t\t\t<a href=\"https:\/\/diepan.site\/?product=xa-phong-rua-tay-hoa-hong\" class=\"wc-block-grid__product-link\">\n\t\t\t\t\t<div class=\"wc-block-grid__product-onsale\">\n\t\t\t<span aria-hidden=\"true\">Khuy\u1ebfn m\u1ea1i<\/span>\n\t\t\t<span class=\"screen-reader-text\">S\u1ea3n ph\u1ea9m \u0111ang gi\u1ea3m gi\u00e1<\/span>\n\t\t<\/div>\n\t\t\t\t\t<div class=\"wc-block-grid__product-image\"><img loading=\"lazy\" decoding=\"async\" width=\"300\" height=\"300\" src=\"https:\/\/diepan.site\/wp-content\/uploads\/woocommerce-placeholder-300x300.webp\" class=\"woocommerce-placeholder wp-post-image\" alt=\"\" srcset=\"https:\/\/diepan.site\/wp-content\/uploads\/woocommerce-placeholder-300x300.webp 300w, https:\/\/diepan.site\/wp-content\/uploads\/woocommerce-placeholder-100x100.webp 100w, https:\/\/diepan.site\/wp-content\/uploads\/woocommerce-placeholder-600x600.webp 600w, https:\/\/diepan.site\/wp-content\/uploads\/woocommerce-placeholder-1024x1024.webp 1024w, https:\/\/diepan.site\/wp-content\/uploads\/woocommerce-placeholder-150x150.webp 150w, https:\/\/diepan.site\/wp-content\/uploads\/woocommerce-placeholder-768x768.webp 768w, https:\/\/diepan.site\/wp-content\/uploads\/woocommerce-placeholder.webp 1200w\" sizes=\"auto, (max-width: 300px) 100vw, 300px\" \/><\/div>\n\t\t\t\t\t<div class=\"wc-block-grid__product-title\">X\u00e0 ph\u00f2ng r\u1eeda tay hoa h\u1ed3ng<\/div>\n\t\t\t\t<\/a>\n\t\t\t\t<div class=\"wc-block-grid__product-price price\"><del aria-hidden=\"true\"><span class=\"woocommerce-Price-amount amount\">75.000&nbsp;<span class=\"woocommerce-Price-currencySymbol\">&#8363;<\/span><\/span><\/del> <span class=\"screen-reader-text\">Gi\u00e1 g\u1ed1c l\u00e0: 75.000&nbsp;&#8363;.<\/span><ins aria-hidden=\"true\"><span class=\"woocommerce-Price-amount amount\">69.000&nbsp;<span class=\"woocommerce-Price-currencySymbol\">&#8363;<\/span><\/span><\/ins><span class=\"screen-reader-text\">Gi\u00e1 hi\u1ec7n t\u1ea1i l\u00e0: 69.000&nbsp;&#8363;.<\/span><\/div>\n\t\t\t\t\n\t\t\t\t<div class=\"wp-block-button wc-block-grid__product-add-to-cart\"><a href=\"\/index.php?rest_route=%2Fwp%2Fv2%2Fpages%2F9&#038;add-to-cart=26\" aria-label=\"Th\u00eam v\u00e0o gi\u1ecf h\u00e0ng: &ldquo;X\u00e0 ph\u00f2ng r\u1eeda tay hoa h\u1ed3ng&rdquo;\" data-quantity=\"1\" data-product_id=\"26\" data-product_sku=\"\" data-price=\"69000\" rel=\"nofollow\" class=\"wp-block-button__link  add_to_cart_button ajax_add_to_cart\">Th\u00eam v\u00e0o gi\u1ecf h\u00e0ng<\/a><\/div>\n\t\t\t<\/li><li class=\"wc-block-grid__product\">\n\t\t\t\t<a href=\"https:\/\/diepan.site\/?product=xa-phong-thao-moc-hoa-hong-diep-an-handmade-thien-nhien\" class=\"wc-block-grid__product-link\">\n\t\t\t\t\t<div class=\"wc-block-grid__product-onsale\">\n\t\t\t<span aria-hidden=\"true\">Khuy\u1ebfn m\u1ea1i<\/span>\n\t\t\t<span class=\"screen-reader-text\">S\u1ea3n ph\u1ea9m \u0111ang gi\u1ea3m gi\u00e1<\/span>\n\t\t<\/div>\n\t\t\t\t\t<div class=\"wc-block-grid__product-image\"><img loading=\"lazy\" decoding=\"async\" width=\"300\" height=\"300\" src=\"https:\/\/diepan.site\/wp-content\/uploads\/2026\/05\/ChatGPT-Image-16_58_36-15-thg-5-2026-300x300.png\" class=\"attachment-woocommerce_thumbnail size-woocommerce_thumbnail\" alt=\"X\u00c0 PH\u00d2NG TH\u1ea2O M\u1ed8C HOA H\u1ed2NG DI\u1ec6P AN \u2013 HANDMADE THI\u00caN NHI\u00caN\" srcset=\"https:\/\/diepan.site\/wp-content\/uploads\/2026\/05\/ChatGPT-Image-16_58_36-15-thg-5-2026-300x300.png 300w, https:\/\/diepan.site\/wp-content\/uploads\/2026\/05\/ChatGPT-Image-16_58_36-15-thg-5-2026-150x150.png 150w, https:\/\/diepan.site\/wp-content\/uploads\/2026\/05\/ChatGPT-Image-16_58_36-15-thg-5-2026-100x100.png 100w\" sizes=\"auto, (max-width: 300px) 100vw, 300px\" \/><\/div>\n\t\t\t\t\t<div class=\"wc-block-grid__product-title\">X\u00c0 PH\u00d2NG TH\u1ea2O M\u1ed8C HOA H\u1ed2NG DI\u1ec6P AN \u2013 HANDMADE THI\u00caN NHI\u00caN<\/div>\n\t\t\t\t<\/a>\n\t\t\t\t<div class=\"wc-block-grid__product-price price\"><del aria-hidden=\"true\"><span class=\"woocommerce-Price-amount amount\">85.000&nbsp;<span class=\"woocommerce-Price-currencySymbol\">&#8363;<\/span><\/span><\/del> <span class=\"screen-reader-text\">Gi\u00e1 g\u1ed1c l\u00e0: 85.000&nbsp;&#8363;.<\/span><ins aria-hidden=\"true\"><span class=\"woocommerce-Price-amount amount\">65.000&nbsp;<span class=\"woocommerce-Price-currencySymbol\">&#8363;<\/span><\/span><\/ins><span class=\"screen-reader-text\">Gi\u00e1 hi\u1ec7n t\u1ea1i l\u00e0: 65.000&nbsp;&#8363;.<\/span><\/div>\n\t\t\t\t\n\t\t\t\t<div class=\"wp-block-button wc-block-grid__product-add-to-cart\"><a href=\"\/index.php?rest_route=%2Fwp%2Fv2%2Fpages%2F9&#038;add-to-cart=24\" aria-label=\"Th\u00eam v\u00e0o gi\u1ecf h\u00e0ng: &ldquo;X\u00c0 PH\u00d2NG TH\u1ea2O M\u1ed8C HOA H\u1ed2NG DI\u1ec6P AN \u2013 HANDMADE THI\u00caN NHI\u00caN&rdquo;\" data-quantity=\"1\" data-product_id=\"24\" data-product_sku=\"\" data-price=\"65000\" rel=\"nofollow\" class=\"wp-block-button__link  add_to_cart_button ajax_add_to_cart\">Th\u00eam v\u00e0o gi\u1ecf h\u00e0ng<\/a><\/div>\n\t\t\t<\/li><\/ul><\/div><\/div>\n<\/div>\n","protected":false},"excerpt":{"rendered":"","protected":false},"author":1,"featured_media":0,"parent":0,"menu_order":0,"comment_status":"closed","ping_status":"closed","template":"","meta":{"footnotes":""},"class_list":["post-9","page","type-page","status-publish","hentry"],"yoast_head":"<!-- This site is optimized with the Yoast SEO plugin v27.6 - https:\/\/yoast.com\/product\/yoast-seo-wordpress\/ -->\n<title>Gi\u1ecf h\u00e0ng - Di\u1ec7p An<\/title>\n<meta name=\"robots\" content=\"index, follow, max-snippet:-1, max-image-preview:large, max-video-preview:-1\" \/>\n<link rel=\"canonical\" href=\"https:\/\/diepan.site\/?page_id=9\" \/>\n<meta property=\"og:locale\" content=\"vi_VN\" \/>\n<meta property=\"og:type\" content=\"article\" \/>\n<meta property=\"og:title\" content=\"Gi\u1ecf h\u00e0ng - Di\u1ec7p An\" \/>\n<meta property=\"og:url\" content=\"https:\/\/diepan.site\/?page_id=9\" \/>\n<meta property=\"og:site_name\" content=\"Di\u1ec7p An\" \/>\n<meta property=\"article:modified_time\" content=\"2026-05-15T09:31:15+00:00\" \/>\n<meta name=\"twitter:card\" content=\"summary_large_image\" \/>\n<script type=\"application\/ld+json\" class=\"yoast-schema-graph\">{\"@context\":\"https:\\\/\\\/schema.org\",\"@graph\":[{\"@type\":\"WebPage\",\"@id\":\"https:\\\/\\\/diepan.site\\\/?page_id=9\",\"url\":\"https:\\\/\\\/diepan.site\\\/?page_id=9\",\"name\":\"Gi\u1ecf h\u00e0ng - Di\u1ec7p An\",\"isPartOf\":{\"@id\":\"https:\\\/\\\/diepan.site\\\/#website\"},\"datePublished\":\"2026-05-15T09:19:01+00:00\",\"dateModified\":\"2026-05-15T09:31:15+00:00\",\"breadcrumb\":{\"@id\":\"https:\\\/\\\/diepan.site\\\/?page_id=9#breadcrumb\"},\"inLanguage\":\"vi\",\"potentialAction\":[{\"@type\":\"ReadAction\",\"target\":[\"https:\\\/\\\/diepan.site\\\/?page_id=9\"]}]},{\"@type\":\"BreadcrumbList\",\"@id\":\"https:\\\/\\\/diepan.site\\\/?page_id=9#breadcrumb\",\"itemListElement\":[{\"@type\":\"ListItem\",\"position\":1,\"name\":\"Home\",\"item\":\"https:\\\/\\\/diepan.site\\\/\"},{\"@type\":\"ListItem\",\"position\":2,\"name\":\"Gi\u1ecf h\u00e0ng\"}]},{\"@type\":\"WebSite\",\"@id\":\"https:\\\/\\\/diepan.site\\\/#website\",\"url\":\"https:\\\/\\\/diepan.site\\\/\",\"name\":\"Di\u1ec7p An\",\"description\":\"\",\"publisher\":{\"@id\":\"https:\\\/\\\/diepan.site\\\/#organization\"},\"potentialAction\":[{\"@type\":\"SearchAction\",\"target\":{\"@type\":\"EntryPoint\",\"urlTemplate\":\"https:\\\/\\\/diepan.site\\\/?s={search_term_string}\"},\"query-input\":{\"@type\":\"PropertyValueSpecification\",\"valueRequired\":true,\"valueName\":\"search_term_string\"}}],\"inLanguage\":\"vi\"},{\"@type\":\"Organization\",\"@id\":\"https:\\\/\\\/diepan.site\\\/#organization\",\"name\":\"Di\u1ec7p An\",\"url\":\"https:\\\/\\\/diepan.site\\\/\",\"logo\":{\"@type\":\"ImageObject\",\"inLanguage\":\"vi\",\"@id\":\"https:\\\/\\\/diepan.site\\\/#\\\/schema\\\/logo\\\/image\\\/\",\"url\":\"https:\\\/\\\/diepan.site\\\/wp-content\\\/uploads\\\/2026\\\/05\\\/logo.png\",\"contentUrl\":\"https:\\\/\\\/diepan.site\\\/wp-content\\\/uploads\\\/2026\\\/05\\\/logo.png\",\"caption\":\"Di\u1ec7p An\"},\"image\":{\"@id\":\"https:\\\/\\\/diepan.site\\\/#\\\/schema\\\/logo\\\/image\\\/\"}}]}<\/script>\n<!-- \/ Yoast SEO plugin. -->","yoast_head_json":{"title":"Gi\u1ecf h\u00e0ng - Di\u1ec7p An","robots":{"index":"index","follow":"follow","max-snippet":"max-snippet:-1","max-image-preview":"max-image-preview:large","max-video-preview":"max-video-preview:-1"},"canonical":"https:\/\/diepan.site\/?page_id=9","og_locale":"vi_VN","og_type":"article","og_title":"Gi\u1ecf h\u00e0ng - Di\u1ec7p An","og_url":"https:\/\/diepan.site\/?page_id=9","og_site_name":"Di\u1ec7p An","article_modified_time":"2026-05-15T09:31:15+00:00","twitter_card":"summary_large_image","schema":{"@context":"https:\/\/schema.org","@graph":[{"@type":"WebPage","@id":"https:\/\/diepan.site\/?page_id=9","url":"https:\/\/diepan.site\/?page_id=9","name":"Gi\u1ecf h\u00e0ng - Di\u1ec7p An","isPartOf":{"@id":"https:\/\/diepan.site\/#website"},"datePublished":"2026-05-15T09:19:01+00:00","dateModified":"2026-05-15T09:31:15+00:00","breadcrumb":{"@id":"https:\/\/diepan.site\/?page_id=9#breadcrumb"},"inLanguage":"vi","potentialAction":[{"@type":"ReadAction","target":["https:\/\/diepan.site\/?page_id=9"]}]},{"@type":"BreadcrumbList","@id":"https:\/\/diepan.site\/?page_id=9#breadcrumb","itemListElement":[{"@type":"ListItem","position":1,"name":"Home","item":"https:\/\/diepan.site\/"},{"@type":"ListItem","position":2,"name":"Gi\u1ecf h\u00e0ng"}]},{"@type":"WebSite","@id":"https:\/\/diepan.site\/#website","url":"https:\/\/diepan.site\/","name":"Di\u1ec7p An","description":"","publisher":{"@id":"https:\/\/diepan.site\/#organization"},"potentialAction":[{"@type":"SearchAction","target":{"@type":"EntryPoint","urlTemplate":"https:\/\/diepan.site\/?s={search_term_string}"},"query-input":{"@type":"PropertyValueSpecification","valueRequired":true,"valueName":"search_term_string"}}],"inLanguage":"vi"},{"@type":"Organization","@id":"https:\/\/diepan.site\/#organization","name":"Di\u1ec7p An","url":"https:\/\/diepan.site\/","logo":{"@type":"ImageObject","inLanguage":"vi","@id":"https:\/\/diepan.site\/#\/schema\/logo\/image\/","url":"https:\/\/diepan.site\/wp-content\/uploads\/2026\/05\/logo.png","contentUrl":"https:\/\/diepan.site\/wp-content\/uploads\/2026\/05\/logo.png","caption":"Di\u1ec7p An"},"image":{"@id":"https:\/\/diepan.site\/#\/schema\/logo\/image\/"}}]}},"jetpack_sharing_enabled":true,"_links":{"self":[{"href":"https:\/\/diepan.site\/index.php?rest_route=\/wp\/v2\/pages\/9","targetHints":{"allow":["GET"]}}],"collection":[{"href":"https:\/\/diepan.site\/index.php?rest_route=\/wp\/v2\/pages"}],"about":[{"href":"https:\/\/diepan.site\/index.php?rest_route=\/wp\/v2\/types\/page"}],"author":[{"embeddable":true,"href":"https:\/\/diepan.site\/index.php?rest_route=\/wp\/v2\/users\/1"}],"replies":[{"embeddable":true,"href":"https:\/\/diepan.site\/index.php?rest_route=%2Fwp%2Fv2%2Fcomments&post=9"}],"version-history":[{"count":1,"href":"https:\/\/diepan.site\/index.php?rest_route=\/wp\/v2\/pages\/9\/revisions"}],"predecessor-version":[{"id":13,"href":"https:\/\/diepan.site\/index.php?rest_route=\/wp\/v2\/pages\/9\/revisions\/13"}],"wp:attachment":[{"href":"https:\/\/diepan.site\/index.php?rest_route=%2Fwp%2Fv2%2Fmedia&parent=9"}],"curies":[{"name":"wp","href":"https:\/\/api.w.org\/{rel}","templated":true}]}}